{"id":965,"date":"2023-12-13T11:49:07","date_gmt":"2023-12-13T11:49:07","guid":{"rendered":"https:\/\/www.gestion-sdl.fr\/?page_id=965"},"modified":"2025-08-20T17:34:59","modified_gmt":"2025-08-20T15:34:59","slug":"tarifs","status":"publish","type":"page","link":"https:\/\/web.gestion-sdl.fr\/index.php\/tarifs\/","title":{"rendered":"Tarifs"},"content":{"rendered":"\n\n\n\n<!-- D\u00e9but de widget de badge Calendly -->\n<link href=\"https:\/\/assets.calendly.com\/assets\/external\/widget.css\" rel=\"stylesheet\">\n<script src=\"https:\/\/assets.calendly.com\/assets\/external\/widget.js\" type=\"text\/javascript\" async><\/script>\n<script type=\"text\/javascript\">window.onload = function() { Calendly.initBadgeWidget({ url: 'https:\/\/calendly.com\/gsdl-webmaster\/reservation-consultation', text: 'Planifier du temps avec GSDL', color: '#625CF6', textColor: '#ffffff', branding: undefined }); }<\/script>\n<!-- Fin de widget de badge Calendly -->\n\n\n\nJe vous propose des forfaits de cr\u00e9ation de sites web, pens\u00e9s pour s\u2019adapter \u00e0 vos attentes, avec des solutions compl\u00e8tes ou modulables, \u00e0 partir de <span style=\"font-family: Open Sans;font-weight: 400\" class=\"kubio-has-inline-font-family-weight\"><strong><em>450 \u20ac<\/em><\/strong><\/span>.\n\n\n\n\n\n\n\n\n\n\n\n\n\n\n\nInformations sur les tarifs de cr\u00e9ation de sites web et les frais annuels\n\n\n\nLa tarification d&rsquo;un projet de site internet d\u00e9pend de divers facteurs tels que la charte graphique, le design, le nombre de pages, le contenu, la qualit\u00e9 du site, les modifications n\u00e9cessaires, l&rsquo;ajout de scripts ou de codage, et des fonctionnalit\u00e9s sp\u00e9cifiques (formulaires, pop-up publicitaires, design particulier, logos, modules, etc.).\n\n\n\nNous privil\u00e9gions des h\u00e9bergeurs \u00e9cologiques avec des serveurs s\u00e9curis\u00e9s, offrant la possibilit\u00e9 de sauvegarder r\u00e9guli\u00e8rement les sites web.\n\n\n\nLes types de sites varient : professionnel, vitrine, e-commerce. La structure utilis\u00e9e peut \u00eatre WordPress, PrestaShop, WooCommerce, l&rsquo;utilisation de templates, ou m\u00eame du codage en Python, par exemple.\n\n\n\nLa r\u00e9alisation d&rsquo;un site de qualit\u00e9 n\u00e9cessite un investissement en heures, allant de quelques jours \u00e0 plusieurs mois, influen\u00e7ant ainsi le co\u00fbt du devis. Soyez prudent face aux offres all\u00e9chantes qui pourraient d\u00e9cevoir rapidement.\n\n\n\nUn professionnel de la cr\u00e9ation de site prendra le temps de vous conseiller, de vous offrir un suivi et des informations pertinentes. La satisfaction du client demeure primordiale pour un webmaster passionn\u00e9.\n\n\n\nVotre site doit refl\u00e9ter l&rsquo;image de votre entreprise, mettant en avant vos services. La cr\u00e9ation d&rsquo;un site internet, qu&rsquo;il soit sur un CMS comme WordPress ou autre; demande un r\u00e9el travail, chaque choix \u00e9tant fait en fonction des besoins sp\u00e9cifiques.\n\n\n\nLe r\u00e9sultat final doit \u00eatre de qualit\u00e9 pour assurer la satisfaction des deux parties. Avec un webmaster unique en tant que prestataire et interlocuteur, votre projet est compris dans sa totalit\u00e9, que ce soit pour le d\u00e9veloppement, les fonctionnalit\u00e9s, ou la r\u00e9solution de bugs.\n\n\n\nNous sommes disponibles 24\/7 pour nos clients, un avantage notable pour les e-commerces, par exemple. Choisir la bonne agence web ou le bon webmaster reste crucial pour la concr\u00e9tisation de votre projet.\n\n\n\n\n\n ","protected":false},"excerpt":{"rendered":"","protected":false},"author":1,"featured_media":0,"parent":0,"menu_order":0,"comment_status":"closed","ping_status":"closed","template":"templates\/template-page-full-width.php","meta":{"footnotes":""},"class_list":["post-965","page","type-page","status-publish","hentry"],"_links":{"self":[{"href":"https:\/\/web.gestion-sdl.fr\/index.php\/wp-json\/wp\/v2\/pages\/965","targetHints":{"allow":["GET"]}}],"collection":[{"href":"https:\/\/web.gestion-sdl.fr\/index.php\/wp-json\/wp\/v2\/pages"}],"about":[{"href":"https:\/\/web.gestion-sdl.fr\/index.php\/wp-json\/wp\/v2\/types\/page"}],"author":[{"embeddable":true,"href":"https:\/\/web.gestion-sdl.fr\/index.php\/wp-json\/wp\/v2\/users\/1"}],"replies":[{"embeddable":true,"href":"https:\/\/web.gestion-sdl.fr\/index.php\/wp-json\/wp\/v2\/comments?post=965"}],"version-history":[{"count":1,"href":"https:\/\/web.gestion-sdl.fr\/index.php\/wp-json\/wp\/v2\/pages\/965\/revisions"}],"predecessor-version":[{"id":1687,"href":"https:\/\/web.gestion-sdl.fr\/index.php\/wp-json\/wp\/v2\/pages\/965\/revisions\/1687"}],"wp:attachment":[{"href":"https:\/\/web.gestion-sdl.fr\/index.php\/wp-json\/wp\/v2\/media?parent=965"}],"curies":[{"name":"wp","href":"https:\/\/api.w.org\/{rel}","templated":true}]}}