{"id":466,"date":"2023-10-22T07:37:44","date_gmt":"2023-10-22T07:37:44","guid":{"rendered":"https:\/\/www.gestion-sdl.fr\/?page_id=466"},"modified":"2025-08-20T17:34:50","modified_gmt":"2025-08-20T15:34:50","slug":"services","status":"publish","type":"page","link":"https:\/\/web.gestion-sdl.fr\/index.php\/services\/","title":{"rendered":"Services"},"content":{"rendered":"\n\n\n\nJe donne vie \u00e0 vos projets web en cr\u00e9ant des sites uniques, sur mesure, qui r\u00e9pondent parfaitement \u00e0 vos besoins et \u00e0 vos objectifs. Fiez vous \u00e0 nos <a href=\"https:\/\/web.gestion-sdl.fr\/portfolio\/#avisGoogle\" data-type=\"link\" data-id=\"https:\/\/web.gestion-sdl.fr\/portfolio\/#avisGoogle\">avis Google<\/a> !\n\n\n\n\n\n\n\n\n\n\n\n\n\nCr\u00e9ation de Sites Web WordPress &amp; PrestaShop\n\n\n\nJe transforme vos id\u00e9es en r\u00e9alit\u00e9 en cr\u00e9ant des sites web professionnels, adapt\u00e9s \u00e0 vos besoins, avec <strong>WordPress<\/strong> et <strong>Prestashop<\/strong>.\n\n\n\n\n\n\n\n\n\n\n\n\n\n<strong>Personnalisation HTML\/CSS &amp; JavaScript<\/strong>\n\n\n\nJe vous offre un design unique en personnalisant votre site avec <strong>HTML<\/strong>, <strong>CSS<\/strong> et <strong>JavaScript<\/strong> pour qu\u2019il corresponde parfaitement \u00e0 vos attentes.\n\n\n\n\n\n\n\n\n\n\n\n\n\n<strong>Optimisation des Performances<\/strong>\n\n\n\nJe m&rsquo;assure que votre site soit rapide, r\u00e9actif et performant pour offrir une exp\u00e9rience utilisateur fluide et agr\u00e9able.\n\n\n\n\n\n\n\n\n\n\n\n\n\n<strong>Maintenance et Support Continu<\/strong>\n\n\n\nJe vous accompagne avec un support technique fiable, des mises \u00e0 jour r\u00e9guli\u00e8res et une gestion continue pour garder votre site web \u00e0 son meilleur.\n\n\n\n\n\n\n\n\n\n\n\n\n\n<strong>Marketing Digital &#8211; Google Ads &amp; Google Tag Manager<\/strong>\n\n\n\nJ&rsquo;optimise votre visibilit\u00e9 en ligne en g\u00e9rant vos campagnes <strong>Google Ads<\/strong> et <strong>Google Tag Manager<\/strong> pour attirer et convertir plus de visiteurs.\n\n\n\n\n\n\n\n\n\n\n\n\n\n<strong>UI\/UX Design<\/strong>\n\n\n\nJe con\u00e7ois des interfaces intuitives et esth\u00e9tiques, en mettant l\u2019accent sur l\u2019exp\u00e9rience utilisateur gr\u00e2ce \u00e0 des outils comme <strong>Figma<\/strong> et <strong>Photoshop<\/strong>.\n\n\n\n\n\n\n\n\n\n\n\n\n\n<strong>Cr\u00e9ation Visuelle &#8211; Illustrations &amp; Vid\u00e9os<\/strong>\n\n\n\nJe r\u00e9alise des illustrations sur mesure et des vid\u00e9os professionnelles avec des outils comme <strong>Adobe Premiere Pro<\/strong> pour dynamiser votre contenu.\n\n\n\n\n\n\n\n\n\n\n\n\n\n<strong>Consultation IA &amp; Assistance Virtuelle<\/strong>\n\n\n\nJe vous conseille sur les solutions IA adapt\u00e9es \u00e0 vos besoins et vous offre des services d\u2019assistance virtuelle pour optimiser votre gestion quotidienne.\n\n\n\n\n\n\n\n\n\n\n\nTrouvez la solution qui correspond \u00e0 votre budget\n\n\n\nLa cr\u00e9ation d&rsquo;un site Web\n\n\n\nLa cr\u00e9ation d\u2019un site web implique des co\u00fbts qui varient g\u00e9n\u00e9ralement entre 800 et 10 000 euros, selon les services et les fonctionnalit\u00e9s choisies. Les tarifs peuvent \u00eatre plus \u00e9lev\u00e9s pour des projets complexes, comme les sites e-commerce ou ceux \u00e0 grande \u00e9chelle.<br>De nombreux crit\u00e8res, tels que la conception, les fonctionnalit\u00e9s sp\u00e9cifiques et le r\u00e9f\u00e9rencement, influent sur le devis. En tant que webmaster passionn\u00e9, je vous guiderai pour trouver la meilleure solution, adapt\u00e9e \u00e0 vos besoins et \u00e0 votre budget, tout en veillant \u00e0 la qualit\u00e9 et \u00e0 la performance du site.<br>Votre site web est une vitrine en ligne essentielle \u00e0 votre activit\u00e9, et il est important de bien investir pour qu\u2019il soit efficace. Je propose des tarifs comp\u00e9titifs, en particulier pour les artisans, tout en offrant un excellent rapport qualit\u00e9-prix.<br>Chaque projet est unique, et je vous propose des solutions personnalis\u00e9es \u00e0 des prix justes pour garantir le succ\u00e8s de votre site. Je prends en compte vos objectifs, les fonctionnalit\u00e9s n\u00e9cessaires et l\u2019optimisation du r\u00e9f\u00e9rencement pour chaque cr\u00e9ation.<br>De plus, je vous offre la possibilit\u00e9 de g\u00e9rer votre site de mani\u00e8re autonome, avec un acc\u00e8s \u00e0 un tableau de bord personnalis\u00e9 pour une flexibilit\u00e9 totale, vous permettant de g\u00e9rer votre contenu et votre h\u00e9bergement \u00e0 tout moment.\n\n\n\n\n\n<!-- START ADVERTISER: O2switch Hebergement web FR from awin.com -->\n\n<a rel=\"sponsored\" href=\"https:\/\/www.awin1.com\/cread.php?s=2240828&#038;v=13324&#038;q=345812&#038;r=1726095\">\n    <img decoding=\"async\" src=\"https:\/\/www.awin1.com\/cshow.php?s=2240828&#038;v=13324&#038;q=345812&#038;r=1726095\" border=\"0\">\n<\/a>\n\n<!-- END ADVERTISER: O2switch Hebergement web FR from awin.com -->\n\n\n\n ","protected":false},"excerpt":{"rendered":"","protected":false},"author":1,"featured_media":0,"parent":0,"menu_order":0,"comment_status":"closed","ping_status":"closed","template":"templates\/template-page-full-width.php","meta":{"footnotes":""},"class_list":["post-466","page","type-page","status-publish","hentry"],"_links":{"self":[{"href":"https:\/\/web.gestion-sdl.fr\/index.php\/wp-json\/wp\/v2\/pages\/466","targetHints":{"allow":["GET"]}}],"collection":[{"href":"https:\/\/web.gestion-sdl.fr\/index.php\/wp-json\/wp\/v2\/pages"}],"about":[{"href":"https:\/\/web.gestion-sdl.fr\/index.php\/wp-json\/wp\/v2\/types\/page"}],"author":[{"embeddable":true,"href":"https:\/\/web.gestion-sdl.fr\/index.php\/wp-json\/wp\/v2\/users\/1"}],"replies":[{"embeddable":true,"href":"https:\/\/web.gestion-sdl.fr\/index.php\/wp-json\/wp\/v2\/comments?post=466"}],"version-history":[{"count":1,"href":"https:\/\/web.gestion-sdl.fr\/index.php\/wp-json\/wp\/v2\/pages\/466\/revisions"}],"predecessor-version":[{"id":1686,"href":"https:\/\/web.gestion-sdl.fr\/index.php\/wp-json\/wp\/v2\/pages\/466\/revisions\/1686"}],"wp:attachment":[{"href":"https:\/\/web.gestion-sdl.fr\/index.php\/wp-json\/wp\/v2\/media?parent=466"}],"curies":[{"name":"wp","href":"https:\/\/api.w.org\/{rel}","templated":true}]}}