{"id":11,"date":"2023-09-03T10:37:14","date_gmt":"2023-09-03T10:37:14","guid":{"rendered":"https:\/\/www.gestion-sdl.fr\/hugo-wp\/"},"modified":"2025-08-20T17:34:41","modified_gmt":"2025-08-20T15:34:41","slug":"portfolio","status":"publish","type":"page","link":"https:\/\/web.gestion-sdl.fr\/index.php\/portfolio\/","title":{"rendered":"Portfolio"},"content":{"rendered":"\n\n\n\nQui est GSDL ?\n\n\n\nFond\u00e9e et dirig\u00e9e par Fran\u00e7ois SANDEL, est une agence web et marketing digital qui combine expertise et polyvalence pour r\u00e9pondre \u00e0 vos besoins. Travaillant en solo, je propose une gamme compl\u00e8te de services : cr\u00e9ation et maintenance de sites web, gestion de campagnes <a href=\"https:\/\/web.gestion-sdl.fr\/services\/#marketingDigital\" data-type=\"link\" data-id=\"https:\/\/web.gestion-sdl.fr\/services\/#marketingDigital\">Google Ads et Google Tag Manager<\/a>, et conception de <a href=\"https:\/\/web.gestion-sdl.fr\/services\/#design\" data-type=\"link\" data-id=\"https:\/\/web.gestion-sdl.fr\/services\/#design\">designs UI\/UX<\/a> avec des outils comme Figma, Photoshop et Canva.<br>Graphiste, illustrateur et monteur vid\u00e9o, j\u2019utilise \u00e9galement Adobe Premiere Pro pour cr\u00e9er des contenus visuels et vid\u00e9os de qualit\u00e9. En tant qu\u2019assistant virtuel et consultant IA, j\u2019accompagne vos projets avec des solutions personnalis\u00e9es et innovantes.\n\n\n\n\n\n\n\n\n\n\n\nFran\u00e7ois SANDEL\n\n\n\nFondateur &amp; webmaster\n\n\n\n\n\n\n\n\n\n\n\n\n\n\n\n\n\n\n\n\n\n\n\n\n\n\n\n\n\n\n\n\n\n\n\n\n\n\n\n\n\n\n\n\n\n\n\n\n\n\n\n\n\n\n\n\n\n\n\n\n\n\n\n\n\nFreelance&nbsp;<span style=\"\" class=\"kubio-has-inline-font-family-weight\"><span style=\"font-style: italic; font-family: &quot;Playfair Display&quot;; font-weight: 400; color: rgb(98, 92, 246);\" class=\"kubio-has-inline-color\">web&nbsp;<\/span><\/span>marketing,&nbsp;<em><strong><span style=\"font-family: Playfair Display;font-weight: 400\" class=\"kubio-has-inline-font-family-weight\"><span style=\"color:#625cf6\" class=\"kubio-has-inline-color\">cr\u00e9ation<\/span><\/span><\/strong><\/em>&nbsp;&amp; <em><strong><span style=\"font-family: Playfair Display;font-weight: 400\" class=\"kubio-has-inline-font-family-weight\"><span style=\"color:#625cf6\" class=\"kubio-has-inline-color\">maintenance<\/span><\/span><\/strong><\/em> de sites pour les entreprises\n\n\n\nJe combine design \u00e9l\u00e9gant et fonctionnalit\u00e9s adapt\u00e9es pour r\u00e9pondre aux besoins uniques de vos projets web. Sp\u00e9cialis\u00e9 dans <a href=\"https:\/\/web.gestion-sdl.fr\/services\/#projetsWeb\" data-type=\"link\" data-id=\"https:\/\/web.gestion-sdl.fr\/services\/#services\">WordPress et PrestaShop<\/a>, j&rsquo;utilise divers constructeurs de blocs pour cr\u00e9er des sites web intuitifs et sur mesure. Lorsque des ajustements plus sp\u00e9cifiques sont n\u00e9cessaires, je m\u2019appuie sur mes comp\u00e9tences en HTML, CSS et JavaScript pour offrir une personnalisation technique compl\u00e8te. Cela vous garantit un site \u00e0 la fois moderne, performant et parfaitement adapt\u00e9 \u00e0 vos attentes, qu\u2019il soit vitrine ou e-commerce.\n\n\n\n\n\n\n\n\n\n\n\n\n\nNos avis Google\n\n\n\n\n\n\n\n\n\n\n\nClients &amp; Partners\n\n\n\n\n\n\n\n\n\n\n\n\n\n\n\n\n\n\n\n\n\n\n\n\n\n\n\n\n\n\n\n\n\n\n\n\n\n\n\n\n\n\n\n\n\n\n\n\n\n\n\n\n\n\n\n\n\n\n\nAper\u00e7u des projets client\n\n\n\nChaque projet est une nouvelle aventure o\u00f9 je mets mon expertise au service de vos besoins pour cr\u00e9er des sites web qui vous ressemblent.\n\n\n\n\n\nSoci\u00e9t\u00e9 de formation \u00e0 distance Look &amp; S\u00e9duction, avec plus de 20 ans d&rsquo;expertise m\u00e9tier. Fond\u00e9e par Joelle ADAM\n\n\n\n\n\nLook &amp; S\u00e9duction\n\n\n\n\n\n\n\nLe meilleur P\u00e9charmant\n\n\n\n\n\n&lsquo;Le Meilleur P\u00e9charmant&rsquo;, un guide multilingue des vins de Bergerac\u2026\n\n\n\n\n\n\n\nSLOH, chanteur &amp; compositeur Anglo francophone.\n\n\n\n\n\nSLOH\n\n\n\n\n\n\n\nTRODOO\n\n\n\n\n\nTRODOO, les petites annonces gratuites.\n\n\n\n\n\n\n\n\n\nHydrobeer est un site &lsquo;exemple&rsquo; E-commerce, pour les amateurs de bi\u00e8res.\n\n\n\n\n\nHydrobeer\n\n\n\n\n\n\n\n\n\nC&rsquo;Charron Menuiserie et Agencement\n\n\n\n\n\nC&rsquo;Charron Menuiserie refl\u00e8te les services de l&rsquo;agencement&nbsp; en \u00e9b\u00e9nisterie sur Angers.\n\n\n\n\n\n\n\nMarcobens Drawing&nbsp; est un&nbsp; illustrateur et cr\u00e9ateur de logos d&rsquo;entreprises avec des projets BD en cours\n\n\n\n\n\nMarcobens Drawing\n\n\n\n\n\n\n\n\n\n\n\nATDR MArketing expert wordpress &#8211; divi\n\n\n\nJe collabore avec le partenaire ATDR MARKETING, expert en cr\u00e9ation de sites web sur WordPress et Divi. Ensemble, nous d\u00e9veloppons des solutions sur mesure, alliant design intuitif et performances optimis\u00e9es, afin de r\u00e9pondre parfaitement aux besoins de vos sites vitrines et E-Commerce.\n\n\n\n\n\n<figure class=\"wp-block-gallery has-nested-images columns-default is-cropped wp-block-gallery-1 is-layout-flex wp-block-gallery-is-layout-flex\">\n<figure class=\"wp-block-image size-large\"><a href=\"https:\/\/atdr-marketing.fr\/\" target=\"_blank\" rel=\"https:\/\/atdr-marketing.fr\/ noopener\"><img loading=\"lazy\" decoding=\"async\" width=\"1024\" height=\"1024\" data-id=\"1380\" src=\"https:\/\/web.gestion-sdl.fr\/wp-content\/uploads\/2024\/10\/ATDR-MARKETING-1-1-1024x1024.png\" alt=\"ATDR MARKETING\" class=\"wp-image-1380\" srcset=\"https:\/\/web.gestion-sdl.fr\/wp-content\/uploads\/2024\/10\/ATDR-MARKETING-1-1-1024x1024.png 1024w, https:\/\/web.gestion-sdl.fr\/wp-content\/uploads\/2024\/10\/ATDR-MARKETING-1-1-300x300.png 300w, https:\/\/web.gestion-sdl.fr\/wp-content\/uploads\/2024\/10\/ATDR-MARKETING-1-1-150x150.png 150w, https:\/\/web.gestion-sdl.fr\/wp-content\/uploads\/2024\/10\/ATDR-MARKETING-1-1-768x768.png 768w, https:\/\/web.gestion-sdl.fr\/wp-content\/uploads\/2024\/10\/ATDR-MARKETING-1-1-1080x1080.png 1080w, https:\/\/web.gestion-sdl.fr\/wp-content\/uploads\/2024\/10\/ATDR-MARKETING-1-1.png 1500w\" sizes=\"auto, (max-width: 1024px) 100vw, 1024px\" \/><\/a><\/figure>\n<\/figure>\n\n\n\n\n\n\n\n\n\nProfitez d&rsquo;un h\u00e9bergement performant\n\n\n\nEn partenariat exclusif avec O2SWITCH, nous vous offrons un h\u00e9bergement web alliant simplicit\u00e9 et performance, parfaitement adapt\u00e9 \u00e0 votre site vitrine ou E-Commerce.\n\n\n\n\n\n\n\n\n\n\n\n\n\n\n\nA propos\n\n\n\nBesoin d&rsquo;un Webmaster pour votre Petite Entreprise.\n\n\n\nGSDL est votre source de services de webmaster freelance. Sp\u00e9cialis\u00e9s en conception de sites web, SEO et gestion de contenu, nous sommes d\u00e9vou\u00e9s \u00e0 optimiser votre pr\u00e9sence en ligne. Faites briller votre vie num\u00e9rique avec notre expertise et notre engagement de qualit\u00e9.\n\n\n\n\n\n\n\n\n\n\n\nTELEPHONE\n\n\n\n06 06 86 10 36\n\n\n\n\n\n\n\nHORAIRES\n\n\n\nDu Lundi au Vendredi.\n\n\n\nDe 9H00 \u00e0 18H00.\n\n\n\n\n\n\n\nRESEAUX LINKEDIN\n\n\n\n\nVisitez mon profil\n\n\n\n\n\n\n\n\n\n\n\n\n ","protected":false},"excerpt":{"rendered":"","protected":false},"author":1,"featured_media":1672,"parent":0,"menu_order":0,"comment_status":"closed","ping_status":"closed","template":"templates\/template-page-full-width.php","meta":{"footnotes":""},"class_list":["post-11","page","type-page","status-publish","has-post-thumbnail","hentry"],"_links":{"self":[{"href":"https:\/\/web.gestion-sdl.fr\/index.php\/wp-json\/wp\/v2\/pages\/11","targetHints":{"allow":["GET"]}}],"collection":[{"href":"https:\/\/web.gestion-sdl.fr\/index.php\/wp-json\/wp\/v2\/pages"}],"about":[{"href":"https:\/\/web.gestion-sdl.fr\/index.php\/wp-json\/wp\/v2\/types\/page"}],"author":[{"embeddable":true,"href":"https:\/\/web.gestion-sdl.fr\/index.php\/wp-json\/wp\/v2\/users\/1"}],"replies":[{"embeddable":true,"href":"https:\/\/web.gestion-sdl.fr\/index.php\/wp-json\/wp\/v2\/comments?post=11"}],"version-history":[{"count":1,"href":"https:\/\/web.gestion-sdl.fr\/index.php\/wp-json\/wp\/v2\/pages\/11\/revisions"}],"predecessor-version":[{"id":1685,"href":"https:\/\/web.gestion-sdl.fr\/index.php\/wp-json\/wp\/v2\/pages\/11\/revisions\/1685"}],"wp:featuredmedia":[{"embeddable":true,"href":"https:\/\/web.gestion-sdl.fr\/index.php\/wp-json\/wp\/v2\/media\/1672"}],"wp:attachment":[{"href":"https:\/\/web.gestion-sdl.fr\/index.php\/wp-json\/wp\/v2\/media?parent=11"}],"curies":[{"name":"wp","href":"https:\/\/api.w.org\/{rel}","templated":true}]}}